{"id":12100,"date":"2017-02-06T22:57:48","date_gmt":"2017-02-06T21:57:48","guid":{"rendered":"http:\/\/smartdecor.com.pl\/?page_id=12100"},"modified":"2021-10-08T22:40:24","modified_gmt":"2021-10-08T20:40:24","slug":"smart-decor-germany","status":"publish","type":"page","link":"https:\/\/smartdecor.com.pl\/de\/","title":{"rendered":"Smart Decor DE"},"content":{"rendered":"<p>[vc_row css=&#8220;.vc_custom_1439461968264{margin-bottom: 0px !important;}&#8220;][vc_column][rev_slider_vc alias=&#8220;startowyger&#8220; el_class=&#8220;test&#8220;][vc_row_inner css=&#8220;.vc_custom_1462797063068{background-color: #ffffff !important;}&#8220;][vc_column_inner][vc_column_text css=&#8220;.vc_custom_1492027200126{padding-right: 30px !important;padding-left: 30px !important;}&#8220;]<\/p>\n<p style=\"text-align: center; font-size: 2em;\">WAS K\u00d6NNEN WIR F\u00dcR SIE TUN?<\/p>\n<p>[\/vc_column_text][\/vc_column_inner][\/vc_row_inner][\/vc_column][\/vc_row][vc_row equal_height=&#8220;yes&#8220; css=&#8220;.vc_custom_1463044111010{padding-right: 50px !important;padding-bottom: 30px !important;padding-left: 50px !important;background-color: #ffffff !important;}&#8220;][vc_column width=&#8220;1\/4&#8243; css=&#8220;.vc_custom_1463397956364{padding-bottom: 30px !important;}&#8220; offset=&#8220;vc_hidden-lg vc_hidden-md vc_hidden-sm&#8220;][vc_column_text]<\/p>\n<h5 style=\"text-align: center;\">BI\u00dcROR\u00c4UME<\/h5>\n<p style=\"text-align: justify;\">In den heutigen Zeiten geh\u00f6rt eine gute Pr\u00e4senz der Firma zu den wichtigsten Elementen, die den Erfolg pr\u00e4gen. Mit uns wird Ihr B\u00fcro zu Ihrem besten Aush\u00e4ngeschild. Kunden werden mit Vergn\u00fcgen zu Ihnen zur\u00fcckkommen und sich Ihre Firma merken.<\/p>\n<p>[\/vc_column_text][vc_single_image image=&#8220;12020&#8243; img_size=&#8220;full&#8220; style=&#8220;vc_box_shadow_3d&#8220;][\/vc_column][vc_column width=&#8220;1\/4&#8243; offset=&#8220;vc_hidden-lg vc_hidden-md vc_hidden-sm&#8220;][vc_column_text]<\/p>\n<h5 style=\"text-align: center;\">HOTELS<\/h5>\n<p style=\"text-align: justify;\">Unsere internationale Erfahrung gibt uns die M\u00f6glichkeit, Sie komplex zu beraten und Hoteldekorationen nach den Vorgaben Ihres Innenarchitekten zu drucken. Wir gestalteten sowohl Innenr\u00e4ume als auch G\u00e4stezimmer in Hotels, sowie die externe und interne Kennzeichnung.<\/p>\n<p>[\/vc_column_text][vc_single_image image=&#8220;12018&#8243; img_size=&#8220;full&#8220; alignment=&#8220;center&#8220; style=&#8220;vc_box_shadow_3d&#8220;][\/vc_column][vc_column width=&#8220;1\/4&#8243; css=&#8220;.vc_custom_1463397962338{padding-bottom: 30px !important;}&#8220; offset=&#8220;vc_hidden-lg vc_hidden-md vc_hidden-sm&#8220;][vc_column_text]<\/p>\n<h5 style=\"text-align: center;\">RESTAURATNS, CAF\u00c9S<\/h5>\n<p class=\"p1\"><span class=\"s1\">Die Tapete mit der lecker aussehenden Speise oder mit dem bunten Obst und Gem\u00fcse wird mit Sicherheit den Raum beleben und Appetit bei G\u00e4sten erwecken! <\/span><\/p>\n<p>[\/vc_column_text][vc_single_image image=&#8220;12019&#8243; img_size=&#8220;full&#8220; alignment=&#8220;center&#8220; style=&#8220;vc_box_shadow_3d&#8220;][\/vc_column][vc_column width=&#8220;1\/4&#8243; css=&#8220;.vc_custom_1463397975129{padding-bottom: 30px !important;}&#8220; offset=&#8220;vc_hidden-lg vc_hidden-md vc_hidden-sm&#8220;][vc_column_text]<\/p>\n<h5 style=\"text-align: center;\">FITNESSR\u00c4UME<\/h5>\n<p class=\"p1\"><span class=\"s1\">Attraktives Aussehen lockt die Kunden, was durch die Popularit\u00e4t des Firnessklubs McFit best\u00e4tigt wird. Durch farbige Bilder wirkt der Raum gr\u00f6\u00dfer. Die W\u00e4nde k\u00f6nnen auch als Tr\u00e4ger der Gebrauchsanweisungen f\u00fcr die Ger\u00e4te dienen. <\/span><\/p>\n<p>[\/vc_column_text][vc_single_image image=&#8220;12021&#8243; img_size=&#8220;full&#8220; alignment=&#8220;center&#8220; style=&#8220;vc_box_shadow_3d&#8220;][\/vc_column][\/vc_row][vc_row equal_height=&#8220;yes&#8220; css=&#8220;.vc_custom_1465542690898{padding-right: 50px !important;padding-bottom: 15px !important;padding-left: 50px !important;background-color: #ffffff !important;}&#8220;][vc_column width=&#8220;1\/4&#8243; css=&#8220;.vc_custom_1465542672924{padding-bottom: 15px !important;}&#8220; offset=&#8220;vc_hidden-xs&#8220;][vc_column_text]<\/p>\n<h5 style=\"text-align: center;\">BI\u00dcROR\u00c4UME<\/h5>\n<p class=\"p1\"><span class=\"s1\">In den heutigen Zeiten geh\u00f6rt eine gute Pr\u00e4senz der Firma zu den wichtigsten Elementen, die den Erfolg pr\u00e4gen. Mit uns wird Ihr B\u00fcro zu Ihrem besten Aush\u00e4ngeschild. Kunden werden mit Vergn\u00fcgen zu Ihnen zur\u00fcckkommen und sich Ihre Firma merken. <\/span><\/p>\n<p>[\/vc_column_text][\/vc_column][vc_column width=&#8220;1\/4&#8243; offset=&#8220;vc_hidden-xs&#8220;][vc_column_text]<\/p>\n<h5 style=\"text-align: center;\">HOTELS<\/h5>\n<p style=\"text-align: justify;\">Unsere internationale Erfahrung gibt uns die M\u00f6glichkeit, Sie komplex zu beraten und Hoteldekorationen nach den Vorgaben Ihres Innenarchitekten zu drucken. Wir gestalteten sowohl Innenr\u00e4ume als auch G\u00e4stezimmer in Hotels, sowie die externe und interne Kennzeichnung.<\/p>\n<p>[\/vc_column_text][\/vc_column][vc_column width=&#8220;1\/4&#8243; css=&#8220;.vc_custom_1465542683364{padding-bottom: 15px !important;}&#8220; offset=&#8220;vc_hidden-xs&#8220;][vc_column_text]<\/p>\n<h5 style=\"text-align: center;\">RESTAURATNS, CAF\u00c9S<\/h5>\n<p class=\"p1\"><span class=\"s1\">Die Tapete mit der lecker aussehenden Speise oder mit dem bunten Obst und Gem\u00fcse wird mit Sicherheit den Raum beleben und Appetit bei G\u00e4sten erwecken! <\/span><\/p>\n<p>[\/vc_column_text][\/vc_column][vc_column width=&#8220;1\/4&#8243; css=&#8220;.vc_custom_1463398005605{padding-bottom: 30px !important;}&#8220; offset=&#8220;vc_hidden-xs&#8220;][vc_column_text]<\/p>\n<h5 style=\"text-align: center;\">FITNESSR\u00c4UME<\/h5>\n<p class=\"p1\"><span class=\"s1\">Attraktives Aussehen lockt die Kunden, was durch die Popularit\u00e4t des Firnessklubs McFit best\u00e4tigt wird. Durch farbige Bilder wirkt der Raum gr\u00f6\u00dfer. Die W\u00e4nde k\u00f6nnen auch als Tr\u00e4ger der Gebrauchsanweisungen f\u00fcr die Ger\u00e4te dienen. <\/span><\/p>\n<p>[\/vc_column_text][\/vc_column][\/vc_row][vc_row equal_height=&#8220;yes&#8220; css=&#8220;.vc_custom_1465542664702{padding-right: 50px !important;padding-bottom: 30px !important;padding-left: 50px !important;background-color: #ffffff !important;}&#8220;][vc_column width=&#8220;1\/4&#8243; css=&#8220;.vc_custom_1463398012210{padding-bottom: 30px !important;}&#8220; offset=&#8220;vc_hidden-xs&#8220;][vc_single_image image=&#8220;12020&#8243; img_size=&#8220;full&#8220; style=&#8220;vc_box_shadow_3d&#8220;][\/vc_column][vc_column width=&#8220;1\/4&#8243; offset=&#8220;vc_hidden-xs&#8220;][vc_single_image image=&#8220;12018&#8243; img_size=&#8220;full&#8220; alignment=&#8220;center&#8220; style=&#8220;vc_box_shadow_3d&#8220;][\/vc_column][vc_column width=&#8220;1\/4&#8243; css=&#8220;.vc_custom_1463405858428{padding-bottom: 30px !important;}&#8220; offset=&#8220;vc_hidden-xs&#8220;][vc_single_image image=&#8220;12019&#8243; img_size=&#8220;full&#8220; alignment=&#8220;center&#8220; style=&#8220;vc_box_shadow_3d&#8220;][\/vc_column][vc_column width=&#8220;1\/4&#8243; css=&#8220;.vc_custom_1463405862603{padding-bottom: 30px !important;}&#8220; offset=&#8220;vc_hidden-xs&#8220;][vc_single_image image=&#8220;12021&#8243; img_size=&#8220;full&#8220; alignment=&#8220;center&#8220; style=&#8220;vc_box_shadow_3d&#8220;][\/vc_column][\/vc_row][vc_row parallax=&#8220;content-moving-fade&#8220; parallax_speed_bg=&#8220;30&#8243; css=&#8220;.vc_custom_1462875580761{padding-top: 20px !important;padding-bottom: 20px !important;}&#8220;][vc_column][vc_custom_heading text=&#8220;SCHREIBEN SIE UNS AN&#8220; font_container=&#8220;tag:h2|font_size:3em|text_align:center|color:%23ffffff&#8220; google_fonts=&#8220;font_family:Lato%3A100%2C100italic%2C300%2C300italic%2Cregular%2Citalic%2C700%2C700italic%2C900%2C900italic|font_style:400%20regular%3A400%3Anormal&#8220;][vc_row_inner wrap_type=&#8220;in_container&#8220;][vc_column_inner][vc_column_text css=&#8220;.vc_custom_1492027475641{padding-right: 50px !important;padding-bottom: 20px !important;padding-left: 50px !important;}&#8220;]<\/p>\n<p style=\"color: #fff; text-align: center; font-weight: 300!important; text-transform: uppercase!important;\">HABEN SIE IRGENDWELCHE TECHNISCHE FRAGEN? WISSEN SIE NOCH NICHT, AUF WELCHEM STOFF SIE IHR BILD DRUCKEN M\u00d6CHTEN? ODER IST ES IHNEN NICHT GELUNGEN, ETWAS ATTRAKTIVES ZUM DRUCKEN ZU FINDEN? SCHREIBEN SIE UNS RUHIG AN! WIR WERDEN IHNEN MIT SICHERHEIT HELFEN!<\/p>\n<p>[\/vc_column_text][contact-form-7 id=&#8220;12111&#8243;][\/vc_column_inner][\/vc_row_inner][\/vc_column][\/vc_row][vc_row css=&#8220;.vc_custom_1464177737406{margin-top: 0px !important;border-top-width: 0px !important;padding-top: 60px !important;background-color: #ffffff !important;}&#8220; el_id=&#8220;prezentacja&#8220;][vc_column css=&#8220;.vc_custom_1466066555633{border-top-width: 0px !important;padding-top: 0px !important;}&#8220;][rev_slider_vc alias=&#8220;prezentacjager&#8220;][\/vc_column][\/vc_row][vc_row css=&#8220;.vc_custom_1459837696922{margin: 0px !important;border-width: 0px !important;padding: 0px !important;background-color: #e9e9e9 !important;}&#8220;][vc_column css=&#8220;.vc_custom_1459837674599{margin: 0px !important;border-width: 0px !important;padding: 0px !important;}&#8220;][vc_custom_heading text=&#8220;DIE UNS VERTRAUEN&#8220; font_container=&#8220;tag:h2|text_align:center&#8220; google_fonts=&#8220;font_family:Lato%3A100%2C100italic%2C300%2C300italic%2Cregular%2Citalic%2C700%2C700italic%2C900%2C900italic|font_style:400%20regular%3A400%3Anormal&#8220;][vc_row_inner css=&#8220;.vc_custom_1462968351552{padding-right: 40px !important;padding-bottom: 20px !important;padding-left: 40px !important;}&#8220;][vc_column_inner width=&#8220;1\/6&#8243;][\/vc_column_inner][vc_column_inner width=&#8220;1\/6&#8243;][vc_single_image image=&#8220;11643&#8243; img_size=&#8220;150&#215;150&#8243; alignment=&#8220;center&#8220; onclick=&#8220;custom_link&#8220; img_link_target=&#8220;_blank&#8220; link=&#8220;http:\/\/phormy.com&#8220;][\/vc_column_inner][vc_column_inner width=&#8220;1\/6&#8243;][vc_single_image image=&#8220;11648&#8243; img_size=&#8220;150&#215;150&#8243; alignment=&#8220;center&#8220; onclick=&#8220;custom_link&#8220; img_link_target=&#8220;_blank&#8220; link=&#8220;http:\/\/disney.pl&#8220;][\/vc_column_inner][vc_column_inner width=&#8220;1\/6&#8243;][vc_single_image image=&#8220;11663&#8243; img_size=&#8220;150&#215;150&#8243; alignment=&#8220;center&#8220; onclick=&#8220;custom_link&#8220; img_link_target=&#8220;_blank&#8220; link=&#8220;http:\/\/mcfit.com&#8220;][\/vc_column_inner][vc_column_inner width=&#8220;1\/6&#8243;][vc_single_image image=&#8220;11665&#8243; img_size=&#8220;150&#215;150&#8243; alignment=&#8220;center&#8220; onclick=&#8220;custom_link&#8220; img_link_target=&#8220;_blank&#8220; link=&#8220;http:\/\/projectsuccess.com.pl&#8220;][\/vc_column_inner][vc_column_inner width=&#8220;1\/6&#8243;][\/vc_column_inner][\/vc_row_inner][vc_row_inner css=&#8220;.vc_custom_1462968351552{padding-right: 40px !important;padding-bottom: 20px !important;padding-left: 40px !important;}&#8220;][vc_column_inner width=&#8220;1\/6&#8243;][\/vc_column_inner][vc_column_inner width=&#8220;1\/6&#8243;][vc_single_image image=&#8220;11859&#8243; img_size=&#8220;150&#215;150&#8243; alignment=&#8220;center&#8220; onclick=&#8220;custom_link&#8220; img_link_target=&#8220;_blank&#8220; link=&#8220;http:\/\/strapophilia.pl&#8220;][\/vc_column_inner][vc_column_inner width=&#8220;1\/6&#8243;][vc_single_image image=&#8220;12034&#8243; img_size=&#8220;150&#215;150&#8243; alignment=&#8220;center&#8220; onclick=&#8220;custom_link&#8220; img_link_target=&#8220;_blank&#8220; link=&#8220;https:\/\/www.heist-studios.com\/&#8220;][\/vc_column_inner][vc_column_inner width=&#8220;1\/6&#8243;][vc_single_image image=&#8220;12063&#8243; img_size=&#8220;150&#215;150&#8243; alignment=&#8220;center&#8220; onclick=&#8220;custom_link&#8220; img_link_target=&#8220;_blank&#8220; link=&#8220;http:\/\/www.novotel.com\/&#8220;][\/vc_column_inner][vc_column_inner width=&#8220;1\/6&#8243;][vc_single_image image=&#8220;11856&#8243; img_size=&#8220;150&#215;150&#8243; alignment=&#8220;center&#8220; onclick=&#8220;custom_link&#8220; img_link_target=&#8220;_blank&#8220; link=&#8220;http:\/\/ibis.com&#8220;][\/vc_column_inner][vc_column_inner width=&#8220;1\/6&#8243;][\/vc_column_inner][\/vc_row_inner][\/vc_column][\/vc_row][vc_row equal_height=&#8220;yes&#8220; parallax=&#8220;content-moving&#8220; css=&#8220;.vc_custom_1463743926185{margin-bottom: 0px !important;padding-top: 35px !important;padding-bottom: 0px !important;background-color: #ffffff !important;}&#8220;][vc_column css=&#8220;.vc_custom_1459840890448{padding-top: 0px !important;padding-right: 40px !important;padding-left: 40px !important;}&#8220;][vc_custom_heading text=&#8220;AKTUELLES&#8220; font_container=&#8220;tag:h2|text_align:center&#8220; google_fonts=&#8220;font_family:Lato%3A100%2C100italic%2C300%2C300italic%2Cregular%2Citalic%2C700%2C700italic%2C900%2C900italic|font_style:400%20regular%3A400%3Anormal&#8220; css=&#8220;.vc_custom_1493196880556{background-color: rgba(0,0,0,0.01) !important;*background-color: rgb(0,0,0) !important;}&#8220;][vc_basic_grid post_type=&#8220;post&#8220; max_items=&#8220;-1&#8243; style=&#8220;pagination&#8220; items_per_page=&#8220;4&#8243; element_width=&#8220;3&#8243; gap=&#8220;20&#8243; paging_design=&#8220;pagination_rounded_square_dark&#8220; paging_color=&#8220;orange&#8220; loop=&#8220;yes&#8220; item=&#8220;11411&#8243; initial_loading_animation=&#8220;pulse&#8220; grid_id=&#8220;vc_gid:1633725613449-d69223d5-b369-2&#8243; css=&#8220;.vc_custom_1514971234570{padding-top: 30px !important;padding-bottom: 30px !important;background-color: rgba(0,0,0,0.01) !important;*background-color: rgb(0,0,0) !important;}&#8220; taxonomies=&#8220;73&#8243; exclude=&#8220;11980&#8243;][\/vc_column][\/vc_row]<\/p>\n","protected":false},"excerpt":{"rendered":"<p>[vc_row css=&#8220;.vc_custom_1439461968264{margin-bottom: 0px !important;}&#8220;][vc_column][rev_slider_vc alias=&#8220;startowyger&#8220; el_class=&#8220;test&#8220;][vc_row_inner css=&#8220;.vc_custom_1462797063068{background-color: #ffffff !important;}&#8220;][vc_column_inner][vc_column_text css=&#8220;.vc_custom_1492027200126{padding-right: 30px !important;padding-left: 30px !important;}&#8220;] WAS K\u00d6NNEN WIR F\u00dcR SIE TUN? [\/vc_column_text][\/vc_column_inner][\/vc_row_inner][\/vc_column][\/vc_row][vc_row equal_height=&#8220;yes&#8220; css=&#8220;.vc_custom_1463044111010{padding-right: 50px !important;padding-bottom: 30px !important;padding-left: 50px !important;background-color: #ffffff !important;}&#8220;][vc_column width=&#8220;1\/4&#8243; css=&#8220;.vc_custom_1463397956364{padding-bottom: 30px !important;}&#8220; offset=&#8220;vc_hidden-lg vc_hidden-md vc_hidden-sm&#8220;][vc_column_text] BI\u00dcROR\u00c4UME In den heutigen Zeiten geh\u00f6rt eine gute Pr\u00e4senz der Firma zu den wichtigsten Elementen, die den Erfolg pr\u00e4gen. Mit uns wird&#8230;<\/p>\n","protected":false},"author":7,"featured_media":0,"parent":0,"menu_order":0,"comment_status":"closed","ping_status":"closed","template":"page-full-width.php","meta":[],"_links":{"self":[{"href":"https:\/\/smartdecor.com.pl\/de\/wp-json\/wp\/v2\/pages\/12100"}],"collection":[{"href":"https:\/\/smartdecor.com.pl\/de\/wp-json\/wp\/v2\/pages"}],"about":[{"href":"https:\/\/smartdecor.com.pl\/de\/wp-json\/wp\/v2\/types\/page"}],"author":[{"embeddable":true,"href":"https:\/\/smartdecor.com.pl\/de\/wp-json\/wp\/v2\/users\/7"}],"replies":[{"embeddable":true,"href":"https:\/\/smartdecor.com.pl\/de\/wp-json\/wp\/v2\/comments?post=12100"}],"version-history":[{"count":0,"href":"https:\/\/smartdecor.com.pl\/de\/wp-json\/wp\/v2\/pages\/12100\/revisions"}],"wp:attachment":[{"href":"https:\/\/smartdecor.com.pl\/de\/wp-json\/wp\/v2\/media?parent=12100"}],"curies":[{"name":"wp","href":"https:\/\/api.w.org\/{rel}","templated":true}]}}